{"id":152,"date":"2017-02-16T03:00:35","date_gmt":"2017-02-15T21:30:35","guid":{"rendered":"https:\/\/rbinternal.com\/wpinternal\/?page_id=152"},"modified":"2021-03-22T17:29:43","modified_gmt":"2021-03-22T11:59:43","slug":"thought-leadership","status":"publish","type":"page","link":"https:\/\/rbinternal.com\/wpinternal\/thought-leadership\/","title":{"rendered":"Thought Leadership"},"content":{"rendered":"\n<style>\n.collapsible {\n\/*   background-color: #800; *\/\n\/*   color: white; *\/\n   cursor: plus;\n   padding: 18px;\n   width: 100%;\n   border: none;\n   text-align: left;\n   outline: none;\n   font-size: 16px;\nfont-family: \"Lato\";\n}\n\n.active, .collapsible:hover {\n   background-color: #555;\n}\n\n.collapsible:after {\n   content: '\\002B';\n   color: white;\n   font-weight: bold;\n   float: right;\n   margin-left: 5px;\n margin-top: 5vh;\n}\n\n.active:after {\n   content: \"\\2212\";\n}\n\n.content {\n   padding: 0 18px;\n   max-height: 0;\n   overflow: hidden;\n   transition: max-height 0.2s ease-out;\n   background-color: #f1f1f1;\n}\n<\/style>\n\n<button class=\"collapsible\"><img style=\"height:80px\" src=\"https:\/\/rbinternal.com\/wpinternal\/wp-content\/uploads\/2021\/03\/Article-icon3.png\">\n<span class=\"has-inline-color has-vivid-red-color\">Articles<\/span> &#8211; From time to time, we conduct original research, leading to practical tips and ideas. Do read on\u2026 <span class=\"has-inline-color has-vivid-red-color\">deliver<\/span><\/button>\n<div class=\"content\">\n   <ul class=\"display-posts-listing\"><li class=\"listing-item\"><a class=\"title\" href=\"https:\/\/rbinternal.com\/wpinternal\/no-vorleistung-bonus-spielbank-2026-bonus-abzuglich-einzahlung\/\">No Vorleistung Bonus Spielbank 2026 Bonus abz\u00fcglich Einzahlung<\/a> <span class=\"excerpt-dash\">-<\/span> <span class=\"excerpt\">ContentTipps f\u00fcr Deutsch-Benutzer: So m\u00f6glich sein Die leser qua Auszahlungslimits umDiese Top 20 Erreichbar Casinos unter einsatz von den besten Freispiel-Angeboten 2026Ihr Anmeldeprozess atomar Spielbank exklusive EinzahlungNo Vorleistung Bonusse optimal effizienz Ohne Einzahlungsbonus https:\/\/book-of-ra-fixed.com\/book-of-ra-gold\/ existireren parece keine Free Spins, unter anderem welches Bonus-Guthaben wird angeschaltet Umsatzanforderungen gekn\u00fcpft. Bekannterma\u00dfen in kraft sein in Gewinnen, unser leer&hellip; <a class=\"excerpt-more\" href=\"https:\/\/rbinternal.com\/wpinternal\/no-vorleistung-bonus-spielbank-2026-bonus-abzuglich-einzahlung\/\">Read More...<\/a><\/span><\/li><li class=\"listing-item\"><a class=\"title\" href=\"https:\/\/rbinternal.com\/wpinternal\/enjoy-safari-sam-slots-totally-free-trial-remark-and-you-can-genuine-casinos\/\">Enjoy Safari Sam Slots Totally free Trial, Remark and you can Genuine Casinos<\/a> <span class=\"excerpt-dash\">-<\/span> <span class=\"excerpt\">ArticlesArea Attention Keep & WinSafari Sam Position Totally free Gamble and Real money ModeWhat's the maximum payout for the Safari Sam slot?Safari Sam 2 RTP, Volatility, and you may Maximum WinGamble Far more Harbors Out of Betsoft To play I imagined this game is a lot of fun and also you will a instance of&hellip; <a class=\"excerpt-more\" href=\"https:\/\/rbinternal.com\/wpinternal\/enjoy-safari-sam-slots-totally-free-trial-remark-and-you-can-genuine-casinos\/\">Read More...<\/a><\/span><\/li><li class=\"listing-item\"><a class=\"title\" href=\"https:\/\/rbinternal.com\/wpinternal\/skycrown-online-casino-2026-full-review-and-player-guide\/\">SkyCrown Online Casino 2026 Full Review and Player Guide<\/a> <span class=\"excerpt-dash\">-<\/span> <span class=\"excerpt\">As the online gambling industry continues to evolve at a rapid pace, players are constantly seeking reliable and innovative platforms to enjoy their favorite casino games. SkyCrown Online Casino has established itself as a prominent player in this competitive field, offering a comprehensive gaming experience for users worldwide. In this review, we will explore the&hellip; <a class=\"excerpt-more\" href=\"https:\/\/rbinternal.com\/wpinternal\/skycrown-online-casino-2026-full-review-and-player-guide\/\">Read More...<\/a><\/span><\/li><li class=\"listing-item\"><a class=\"title\" href=\"https:\/\/rbinternal.com\/wpinternal\/300-prozentrang-kasino-provision-within-alpenrepublik-marz-2026\/\">300 Prozentrang Kasino Provision within Alpenrepublik M\u00e4rz 2026<\/a> <span class=\"excerpt-dash\">-<\/span> <span class=\"excerpt\">ContentRace Sportart & SpielbankVerbunden Casino Pr\u00e4mie AngeboteDarf meinereiner 300\u202f% Einzahlungsboni je Live Spielsaal Spiele effizienz? Sollte sera einander um den 300% Einzahlungsbonus agieren, das Jedermann schlichtweg auf Ihrer Einzahlung angewandten Provision verspricht, dann sollen Eltern nebens\u00e4chlich darauf respektieren, wie hochdruckgebiet ein h\u00f6chster m\u00f6gliche Provision ausf\u00e4llt. Hierbei kommt dies durch die bank auf das einige Erreichbar&hellip; <a class=\"excerpt-more\" href=\"https:\/\/rbinternal.com\/wpinternal\/300-prozentrang-kasino-provision-within-alpenrepublik-marz-2026\/\">Read More...<\/a><\/span><\/li><li class=\"listing-item\"><a class=\"title\" href=\"https:\/\/rbinternal.com\/wpinternal\/roman-casino-avis-fiable-pour-jouer-en-toute-securite-en-ligne\/\">Roman Casino Avis Fiable Pour Jouer En Toute S\u00e9curit\u00e9 En Ligne<\/a> <span class=\"excerpt-dash\">-<\/span> <span class=\"excerpt\">Exemple \u2192 Un bonus de 100 \u20ac de d\u00e9p\u00f4t avec une exigence de mise x30 signifie qu\u2019il faudra parier \u20ac (100 x 30) avant de pouvoir retirer le bonus ou les gains issus du bonus. Voyons casino lucky 31 les principaux termes li\u00e9s aux bonus de casino et comment ils affectent votre jeu avec de&hellip; <a class=\"excerpt-more\" href=\"https:\/\/rbinternal.com\/wpinternal\/roman-casino-avis-fiable-pour-jouer-en-toute-securite-en-ligne\/\">Read More...<\/a><\/span><\/li><li class=\"listing-item\"><a class=\"title\" href=\"https:\/\/rbinternal.com\/wpinternal\/cheeky-bingo-is-closed-find-right-here-one-of-the-best-bingo-websites-uk\/\">Cheeky Bingo Is Closed Find Right Here One Of The Best Bingo Websites Uk<\/a> <span class=\"excerpt-dash\">-<\/span> <span class=\"excerpt\">You\u2019ll also see a \u201cResponsible Gambling\u201d link in the primary menu, and not tucked away within the footer, suggesting the site cheeky bingo is dedicated to helping players gambling responsibly. Click the \u201cBingo\u201d tab to be proven a list of all upcoming bingo games. Operating in a very clear means, we offer our readers and&hellip; <a class=\"excerpt-more\" href=\"https:\/\/rbinternal.com\/wpinternal\/cheeky-bingo-is-closed-find-right-here-one-of-the-best-bingo-websites-uk\/\">Read More...<\/a><\/span><\/li><li class=\"listing-item\"><a class=\"title\" href=\"https:\/\/rbinternal.com\/wpinternal\/2-000-video-games-fast-payouts\/\">2,000+ Video Games &#038; Fast Payouts<\/a> <span class=\"excerpt-dash\">-<\/span> <span class=\"excerpt\">On one of many two largest islands, East Falkland, the compact, interesting capital of Stanley, house to much of the islands\u2019 population, is an attraction in its own proper and a good place to base your self for a number of days. Enterprise to this distant and fascinating vacation spot to unravel the islands\u2019 mystique&hellip; <a class=\"excerpt-more\" href=\"https:\/\/rbinternal.com\/wpinternal\/2-000-video-games-fast-payouts\/\">Read More...<\/a><\/span><\/li><li class=\"listing-item\"><a class=\"title\" href=\"https:\/\/rbinternal.com\/wpinternal\/the-most-effective-pizza-locations-in-denver-denver\/\">The Most Effective Pizza Locations In Denver Denver<\/a> <span class=\"excerpt-dash\">-<\/span> <span class=\"excerpt\">These bonus funds can be utilized on slots solely. 18+.New players only. In conclusion, Rolletto On Line Casino presents quite lots of payment methods and quick payouts, especially for crypto customers. Rolletto casino is for adults 18+ (or greater the place required) rolletto and is just accessible where lawful. Set deposit, loss, and session limits,&hellip; <a class=\"excerpt-more\" href=\"https:\/\/rbinternal.com\/wpinternal\/the-most-effective-pizza-locations-in-denver-denver\/\">Read More...<\/a><\/span><\/li><li class=\"listing-item\"><a class=\"title\" href=\"https:\/\/rbinternal.com\/wpinternal\/should-i-gamble-harbors-on-the-internet-for-real-profit-western-virginia\/\">Should i gamble harbors on the internet for real profit Western Virginia?<\/a> <span class=\"excerpt-dash\">-<\/span> <span class=\"excerpt\">A lot more than, i compared the recommended online slots games gambling enterprises within the West Virginia. Less than, we're going to safeguards much more information, to make the best alternatives. I looked at the game libraries, incentives, shelter, and you will complete member sense. You will find examined all these casinos' cellular being compatible&hellip; <a class=\"excerpt-more\" href=\"https:\/\/rbinternal.com\/wpinternal\/should-i-gamble-harbors-on-the-internet-for-real-profit-western-virginia\/\">Read More...<\/a><\/span><\/li><li class=\"listing-item\"><a class=\"title\" href=\"https:\/\/rbinternal.com\/wpinternal\/that-it-provide-is-valid-seven-days-on-the-the-latest-membership-getting-entered\/\">That it provide is valid seven days on the the latest membership getting entered<\/a> <span class=\"excerpt-dash\">-<\/span> <span class=\"excerpt\">New United kingdom consumers simply. 125 free revolves with the Keep & Spinner (?0.ten for each spin) paid shortly after effective ?ten put and you will ?10 share to your Casino, Las vegas or Alive Gambling establishment. Zero betting requirements into totally free twist payouts. Debit Credit deposit merely (exceptions incorporate). 18+ GambleAware\ufffd: Betting Assist&hellip; <a class=\"excerpt-more\" href=\"https:\/\/rbinternal.com\/wpinternal\/that-it-provide-is-valid-seven-days-on-the-the-latest-membership-getting-entered\/\">Read More...<\/a><\/span><\/li><\/ul>\n<\/div>\n<button class=\"collapsible\"><img style=\"height:80px\" src=\"https:\/\/rbinternal.com\/wpinternal\/wp-content\/uploads\/2021\/03\/Interview.png\">\n<span class=\"has-inline-color has-vivid-red-color\">Interviews with Industry Leaders<\/span> &#8211; coming soon<\/button>\n<div class=\"content\">\n \n<\/div>\n<button class=\"collapsible\"><img style=\"height:80px\" src=\"https:\/\/rbinternal.com\/wpinternal\/wp-content\/uploads\/2021\/03\/BLOG-icon.png\">\n<span class=\"has-inline-color has-vivid-red-color\">Blogs<\/span> &#8211; coming soon<\/button>\n<div class=\"content\">\n   \n<\/div>\n<button class=\"collapsible\">&lt;<img style=\"height:80px\" src=\"https:\/\/rbinternal.com\/wpinternal\/wp-content\/uploads\/2021\/03\/Survey-icon.png\">\n<span class=\"has-inline-color has-vivid-red-color\">Participate in our Research Surveys<\/span><\/button>\n<div class=\"content\">\n   \t<style>\r\n    #vadi_faq1 .vfq_main {\r\n\t\t\r\n\tbackground-color:#B3E78C;\t\r\n\t}\r\n\t#vadi_faq1 .vfq_main .vfq_title{ color:#000;}\r\n\r\n\t#vadi_faq1 .vfq_main.open{\r\n\t\tbackground:#fff; }\r\n\t#vadi_faq1 .vfq_main.open .vfq_title{\r\n\t\tcolor:#333; }\r\n\t\r\n    <\/style>\r\n\t<div id=\"vfq_accordion\" vfq_group class=\" \">\r\n      <div id=\"vadi_faq1\" class=\"vadi_faq1  vfq_accordion_design2 \" >\r\n\t\t\t\t  \r\n      <div class=\"vfq_main custom\" vfq_accordion >\r\n        <div vfq_control><h3 class=\"vfq_title\">Topic 1: Why CFOs move?<\/h3><\/div>\r\n      \r\n       \r\n       <div vfq_content class=\"vfq_container\">\r\n        <div class=\"vfq_content\"> \t\t\t\t  \r\n          \r\n        <div class=\"entry-content\">\r\n\r\nIn a recent <a href=\"https:\/\/rbinternal.com\/wpinternal\/index.php\/2017\/02\/16\/a-peek-into-cfo-transitions\/\">article<\/a>, we studied the trend in CFO transitions \u2013 and were surprised to note that less than 30% of CFOs are home-grown, and what\u2019s more, nearly half of the Finance Leaders who have been hired, moved laterally (and not into a step-up role). Why would CFOs make this kind of a move?\r\n\r\nThis research probes, from those have made such transitions, the reasons why somebody would move laterally. What is the motivation driving someone to move?\r\n\r\nIf you are a CFO who switched jobs in the last 2 years, and if you are willing to spend 20 minutes completing an online survey, please drop us a mail by clicking <a href=\"mailto:ramk@resource-bridge.com?Subject=Would%20like%20to%20participate%20in%20%22Why%20CFOs%20move?%22%20research\">here<\/a>\r\n\r\n<\/div>\r\n&nbsp;<\/div>\r\n      \r\n        <\/div>\r\n\t  <\/div>\r\n\t\t\t\t\t  \r\n      <div class=\"vfq_main custom\" vfq_accordion >\r\n        <div vfq_control><h3 class=\"vfq_title\">Topic 2: How much should I get as a CFO?<\/h3><\/div>\r\n      \r\n       \r\n       <div vfq_content class=\"vfq_container\">\r\n        <div class=\"vfq_content\"> \t\t\t\t  \r\n          \r\n        <p>A typical question, by almost every client, is about the appropriate compensation range for the CFO (and other senior members of the management team).<\/p>\n<p>While we can answer this using our long experience in this space, we are endeavouring to develop an actual model to suggest the comp range, given experience, size of business, complexity, MNC\/Indian and few other variables that are typically included while arriving at the compensation.<\/p>\n<p>If you are a finance professional with more than 5 years of experience and if you are willing to spend 10 minutes completing an online survey which will ask questions around the comp and the structure, please drop us a mail by clicking <a href=\"mailto:ramk@resource-bridge.com?Subject=Would%20like%20to%20participate%20in%20%E2%80%9CHow%20much%20should%20I%20get%20as%20a%20CFO?%E2%80%9D%20research\" target=\"_top\">here<\/a><\/p>\n<\/div>\r\n      \r\n        <\/div>\r\n\t  <\/div>\r\n\t\t\t\t\t  \r\n      <div class=\"vfq_main custom\" vfq_accordion >\r\n        <div vfq_control><h3 class=\"vfq_title\">Topic 3: Do leadership transitions work out?<\/h3><\/div>\r\n      \r\n       \r\n       <div vfq_content class=\"vfq_container\">\r\n        <div class=\"vfq_content\"> \t\t\t\t  \r\n          \r\n        <p>The pace of transitions have picked up in the last 15 years, across levels, including the leadership levels. How often have these transitions worked out for those making these transitions? What was the motive for the transition in the first place and how did the reality pan out? Looking back, has the transition been a successful one? What could you (or the organization) have done different to make the transition successful?<\/p>\n<p>These and other questions are the focus of our research here and is focussed on the individual (and not on the organization).<\/p>\n<p>If you are at least at a VP level and switched jobs in the last 2 years, and if you are willing to spend at least 10-15 minutes on completing an online survey please drop us a mail by clicking <a href=\"mailto:ramk@resource-bridge.com?Subject=Would%20like%20to%20participate%20in%20%22Do%20leadership%20transitions%20work%20out?%22%20research\" target=\"_top\">here<\/a>.<\/p>\n<\/div>\r\n      \r\n        <\/div>\r\n\t  <\/div>\r\n\t\t      <\/div>\r\n\t\t<\/div>\r\n\t    <script type=\"text\/javascript\">\r\n      jQuery(document).ready(function() {\r\n        jQuery('#vfq_accordion [vfq_accordion]').vadiaccordionfaq({\r\n\t\t\tsingleOpen: true,\r\n\t\t transitionEasing: 'ease',\r\n          transitionSpeed: 300\t\t});        \r\n    \r\n      });\r\n    <\/script>\r\n\t\n<\/div>\n\n<script>\nvar coll = document.getElementsByClassName(\"collapsible\");\nvar i;\n\nfor (i = 0; i < coll.length; i++) {\n   coll[i].addEventListener(\"click\", function() {\n     this.classList.toggle(\"active\");\n     var content = this.nextElementSibling;\n     if (content.style.maxHeight){\n       content.style.maxHeight = null;\n     } else {\n       content.style.maxHeight = content.scrollHeight + \"px\";\n        content.style.overflow =  \"scroll\";\n\n     }\n   });\n}\n<\/script>\n","protected":false},"excerpt":{"rendered":"<p>Articles &#8211; From time to time, we conduct original research, leading to practical tips and ideas. Do read on\u2026 deliver Interviews with Industry Leaders &#8211; coming soon Blogs &#8211; coming soon &lt; Participate in our Research Surveys<\/p>\n","protected":false},"author":1,"featured_media":0,"parent":0,"menu_order":0,"comment_status":"closed","ping_status":"open","template":"","meta":[],"_links":{"self":[{"href":"https:\/\/rbinternal.com\/wpinternal\/wp-json\/wp\/v2\/pages\/152"}],"collection":[{"href":"https:\/\/rbinternal.com\/wpinternal\/wp-json\/wp\/v2\/pages"}],"about":[{"href":"https:\/\/rbinternal.com\/wpinternal\/wp-json\/wp\/v2\/types\/page"}],"author":[{"embeddable":true,"href":"https:\/\/rbinternal.com\/wpinternal\/wp-json\/wp\/v2\/users\/1"}],"replies":[{"embeddable":true,"href":"https:\/\/rbinternal.com\/wpinternal\/wp-json\/wp\/v2\/comments?post=152"}],"version-history":[{"count":73,"href":"https:\/\/rbinternal.com\/wpinternal\/wp-json\/wp\/v2\/pages\/152\/revisions"}],"predecessor-version":[{"id":819,"href":"https:\/\/rbinternal.com\/wpinternal\/wp-json\/wp\/v2\/pages\/152\/revisions\/819"}],"wp:attachment":[{"href":"https:\/\/rbinternal.com\/wpinternal\/wp-json\/wp\/v2\/media?parent=152"}],"curies":[{"name":"wp","href":"https:\/\/api.w.org\/{rel}","templated":true}]}}